{"id":258,"date":"2017-12-10T17:06:57","date_gmt":"2017-12-10T16:06:57","guid":{"rendered":"https:\/\/yogadelorne.wordpress.com\/?page_id=258"},"modified":"2025-10-30T20:18:28","modified_gmt":"2025-10-30T19:18:28","slug":"liens","status":"publish","type":"page","link":"https:\/\/www.yogadelorne.be\/index.php\/liens\/","title":{"rendered":"Liens"},"content":{"rendered":"<p>Voici les liens vers les comptes Facebook et Insta du Yoga de l&rsquo;Orne; les sites de coll\u00e8gues ou autres qui pourront vous \u00eatre utiles:<\/p>\n<p><a href=\"https:\/\/www.facebook.com\/yogadelorne\/\">Facebook du Yoga de l&rsquo;Orne<\/a><\/p>\n<p><a href=\"https:\/\/www.instagram.com\/yogadelorne\/\">Instagram du Yoga de l&rsquo;Orne<\/a><\/p>\n<p><a href=\"http:\/\/www.degasquet.com\/\">Institut de Gasquet \u00e0 Paris pour le yoga pr\u00e9 et postnatal ainsi que le yoga sans d\u00e9g\u00e2ts et leyoga senior<\/a><\/p>\n<p><a href=\"https:\/\/www.judithhansonlasater.com\/\">Le yoga restoratif de Judith Hanson Lasater<\/a><\/p>\n<p><a href=\"http:\/\/www.yoga-abepy.be\/\">ABEPY (Association Belge des Enseignants et Pratiquants de Yoga)<\/a><\/p>\n<p><a href=\"http:\/\/www.week-ends.be\/?page=praxis\">Praxis Wavre <\/a><\/p>\n<p><a href=\"http:\/\/www.lamaisondescoccinelles.be\/\">S\u00e9minaires de Perfectionnement Yoga Bruxelles (SPYB)<\/a><\/p>\n<p><a href=\"https:\/\/abbet.be\/abbet\/\">ABBET pour le bien-\u00eatre au travail<\/a><\/p>\n","protected":false},"excerpt":{"rendered":"<p>Voici les liens vers les comptes Facebook et Insta du Yoga de l&rsquo;Orne; les sites de coll\u00e8gues ou autres qui pourront vous \u00eatre utiles: Facebook du Yoga de l&rsquo;Orne Instagram du Yoga de l&rsquo;Orne Institut de Gasquet \u00e0 Paris pour le yoga pr\u00e9 et postnatal ainsi que le yoga sans d\u00e9g\u00e2ts et leyoga senior Le &hellip; <a href=\"https:\/\/www.yogadelorne.be\/index.php\/liens\/\" class=\"more-link\">Continuer la lecture de <span class=\"screen-reader-text\">Liens<\/span><\/a><\/p>\n","protected":false},"author":1,"featured_media":0,"parent":0,"menu_order":0,"comment_status":"closed","ping_status":"closed","template":"","meta":{"footnotes":""},"class_list":["post-258","page","type-page","status-publish","hentry"],"_links":{"self":[{"href":"https:\/\/www.yogadelorne.be\/index.php\/wp-json\/wp\/v2\/pages\/258","targetHints":{"allow":["GET"]}}],"collection":[{"href":"https:\/\/www.yogadelorne.be\/index.php\/wp-json\/wp\/v2\/pages"}],"about":[{"href":"https:\/\/www.yogadelorne.be\/index.php\/wp-json\/wp\/v2\/types\/page"}],"author":[{"embeddable":true,"href":"https:\/\/www.yogadelorne.be\/index.php\/wp-json\/wp\/v2\/users\/1"}],"replies":[{"embeddable":true,"href":"https:\/\/www.yogadelorne.be\/index.php\/wp-json\/wp\/v2\/comments?post=258"}],"version-history":[{"count":6,"href":"https:\/\/www.yogadelorne.be\/index.php\/wp-json\/wp\/v2\/pages\/258\/revisions"}],"predecessor-version":[{"id":1295,"href":"https:\/\/www.yogadelorne.be\/index.php\/wp-json\/wp\/v2\/pages\/258\/revisions\/1295"}],"wp:attachment":[{"href":"https:\/\/www.yogadelorne.be\/index.php\/wp-json\/wp\/v2\/media?parent=258"}],"curies":[{"name":"wp","href":"https:\/\/api.w.org\/{rel}","templated":true}]}}